{"id":23,"date":"2023-06-12T21:03:57","date_gmt":"2023-06-12T19:03:57","guid":{"rendered":"http:\/\/www.targetsalesgroup.com\/?page_id=23"},"modified":"2023-09-26T12:34:56","modified_gmt":"2023-09-26T10:34:56","slug":"partnereink","status":"publish","type":"page","link":"https:\/\/www.targetsalesgroup.com\/en\/our-partners\/","title":{"rendered":"Our partners"},"content":{"rendered":"<div data-elementor-type=\"wp-page\" data-elementor-id=\"23\" class=\"elementor elementor-23\">\n\t\t\t\t\t\t\t\t\t<section class=\"elementor-section elementor-top-section elementor-element elementor-element-b425720 elementor-section-boxed elementor-section-height-default elementor-section-height-default\" data-id=\"b425720\" data-element_type=\"section\">\n\t\t\t\t\t\t<div class=\"elementor-container elementor-column-gap-default\">\n\t\t\t\t\t<div class=\"elementor-column elementor-col-100 elementor-top-column elementor-element elementor-element-c8a2e8e\" data-id=\"c8a2e8e\" data-element_type=\"column\">\n\t\t\t<div class=\"elementor-widget-wrap elementor-element-populated\">\n\t\t\t\t\t\t\t\t<div class=\"elementor-element elementor-element-2b242ba elementor-widget elementor-widget-heading\" data-id=\"2b242ba\" data-element_type=\"widget\" data-widget_type=\"heading.default\">\n\t\t\t\t<div class=\"elementor-widget-container\">\n\t\t\t<style>\/*! elementor - v3.15.0 - 20-08-2023 *\/\n.elementor-heading-title{padding:0;margin:0;line-height:1}.elementor-widget-heading .elementor-heading-title[class*=elementor-size-]>a{color:inherit;font-size:inherit;line-height:inherit}.elementor-widget-heading .elementor-heading-title.elementor-size-small{font-size:15px}.elementor-widget-heading .elementor-heading-title.elementor-size-medium{font-size:19px}.elementor-widget-heading .elementor-heading-title.elementor-size-large{font-size:29px}.elementor-widget-heading .elementor-heading-title.elementor-size-xl{font-size:39px}.elementor-widget-heading .elementor-heading-title.elementor-size-xxl{font-size:59px}<\/style><h1 class=\"elementor-heading-title elementor-size-default\">Our partners<\/h1>\t\t<\/div>\n\t\t\t\t<\/div>\n\t\t\t\t<div class=\"elementor-element elementor-element-e14bf8d elementor-widget elementor-widget-text-editor\" data-id=\"e14bf8d\" data-element_type=\"widget\" data-widget_type=\"text-editor.default\">\n\t\t\t\t<div class=\"elementor-widget-container\">\n\t\t\t<style>\/*! elementor - v3.15.0 - 20-08-2023 *\/\n.elementor-widget-text-editor.elementor-drop-cap-view-stacked .elementor-drop-cap{background-color:#69727d;color:#fff}.elementor-widget-text-editor.elementor-drop-cap-view-framed .elementor-drop-cap{color:#69727d;border:3px solid;background-color:transparent}.elementor-widget-text-editor:not(.elementor-drop-cap-view-default) .elementor-drop-cap{margin-top:8px}.elementor-widget-text-editor:not(.elementor-drop-cap-view-default) .elementor-drop-cap-letter{width:1em;height:1em}.elementor-widget-text-editor .elementor-drop-cap{float:left;text-align:center;line-height:1;font-size:50px}.elementor-widget-text-editor .elementor-drop-cap-letter{display:inline-block}<\/style>\t\t\t\t<p>Over the past 20 years we have been in contact with almost all players in the Hungarian FMCG trade,  and from 2022 we have also started with a selection of brands our distribution activities in the Czech and Slovak markets. In addition, we have a long history of cooperation with partners distributing mom&amp;baby products. The products of the brands we distribute can be found in the stores and webshop of our trading partners below.\u00a0<\/p>\t\t\t\t\t\t<\/div>\n\t\t\t\t<\/div>\n\t\t\t\t<div class=\"elementor-element elementor-element-0ec9b4f elementor-widget elementor-widget-text-editor\" data-id=\"0ec9b4f\" data-element_type=\"widget\" data-widget_type=\"text-editor.default\">\n\t\t\t\t<div class=\"elementor-widget-container\">\n\t\t\t\t\t\t\t<h2>Drugstores<\/h2><ul><li><a href=\"http:\/\/www.dm-drogeriemarkt.hu\/cms\/servlet\/segment\/hu_homepage\/\" target=\"_blank\" rel=\"noopener\">dm<\/a><\/li><li><a href=\"http:\/\/www.rossmann.hu\/\" target=\"_blank\" rel=\"noopener\">Rossmann<\/a><\/li><li><a href=\"http:\/\/www.mueller.co.hu\/kezdolap.html\" target=\"_blank\" rel=\"noopener\">M\u00fcller<\/a><\/li><li><a href=\"https:\/\/ecofamily.hu\/\">EcoFamily<\/a><\/li><li><a href=\"http:\/\/www.plusmarket.hu\/\">Plus Market<\/a><\/li><\/ul><h2>Hyper- and supermarkets<\/h2><ul><li><a href=\"http:\/\/www.auchan.hu\/\" target=\"_blank\" rel=\"noopener\">Auchan<\/a><\/li><li><a href=\"http:\/\/spar.hu\/\" target=\"_blank\" rel=\"noopener\">Interspar<\/a><\/li><li><a href=\"http:\/\/tesco.hu\/\" target=\"_blank\" rel=\"noopener\">Tesco<\/a><\/li><\/ul><h2>Online stores<\/h2><ul><li><a href=\"https:\/\/www.notino.hu\/\">Notino<\/a><\/li><li><a href=\"https:\/\/www.alza.cz\/\">Alza<\/a><\/li><\/ul><h2>Baby specialists &amp; wholesalers<\/h2><ul><li><a href=\"http:\/\/www.brendon.hu\/Shared\/Default\" target=\"_blank\" rel=\"noopener\">Brendon<\/a><\/li><li><a href=\"http:\/\/www.matti.hu\/\" target=\"_blank\" rel=\"noopener\">Matti<\/a><\/li><li><a href=\"http:\/\/www.minimano.hu\/\" target=\"_blank\" rel=\"noopener\">Miniman\u00f3<\/a><\/li><li><a href=\"http:\/\/babaszafari.hu\/\" target=\"_blank\" rel=\"noopener\">Babaszafari<\/a><\/li><li><a href=\"http:\/\/kangaboo.hu\/\" target=\"_blank\" rel=\"noopener\">Kangaboo<\/a><\/li><li><a href=\"http:\/\/bebibolt.hu\/\" target=\"_blank\" rel=\"noopener\">Pekido<\/a><\/li><li><a href=\"https:\/\/devron.hu\/\">Devron<\/a><\/li><li><a href=\"https:\/\/kismamafutar.hu\/\">Kismamafut\u00e1r<\/a><\/li><li><a href=\"https:\/\/www.pelenka.hu\/\">Pelenka.hu<\/a><\/li><li><a href=\"https:\/\/careclub.hu\/\">Careclub.hu<\/a><\/li><li><a href=\"https:\/\/babydirekt.eu\/\">Babydirect<\/a><\/li><\/ul><h2>Phramacies<\/h2><ul><li><a href=\"https:\/\/www.drmax.cz\/\">Dr. Max<\/a><\/li><li><a href=\"https:\/\/www.benu.cz\/\">Benu<\/a><\/li><li><a href=\"https:\/\/www.pilulka.cz\/\">Pilulka<\/a><\/li><\/ul>\t\t\t\t\t\t<\/div>\n\t\t\t\t<\/div>\n\t\t\t\t\t<\/div>\n\t\t<\/div>\n\t\t\t\t\t\t\t<\/div>\n\t\t<\/section>\n\t\t\t\t\t\t\t<\/div>","protected":false},"excerpt":{"rendered":"<p>Partnereink Az elm\u00falt t\u00f6bb, mint 20 \u00e9vben a magyar FMCG kereskedelem szinte minden szerepl\u0151j\u00e9vel kapcsolatba ker\u00fclt\u00fcnk, 2022-t\u0151l pedig bizonyos m\u00e1rk\u00e1kkal a cseh \u00e9s szlov\u00e1k piacon is megkezd\u00fck disztrib\u00fatori tev\u00e9kenys\u00e9g\u00fcnket. Hossz\u00fa ideje m\u0171k\u00f6d\u00fcnk egy\u00fctt a baba-mama term\u00e9keket forgalmaz\u00f3 partnerekkel. Az \u00e1ltalunk forgalmazott m\u00e1rk\u00e1k term\u00e9kei megtal\u00e1lhat\u00f3k az al\u00e1bbi kereskedelmi partnereink \u00fczeleteiben \u00e9s web\u00e1ruh\u00e1z\u00e1ban.\u00a0 Drog\u00e9ri\u00e1k: dm Rossmann M\u00fcller [&hellip;]<\/p>","protected":false},"author":1,"featured_media":0,"parent":0,"menu_order":0,"comment_status":"closed","ping_status":"closed","template":"","meta":{"footnotes":""},"class_list":["post-23","page","type-page","status-publish","hentry"],"yoast_head":"<!-- This site is optimized with the Yoast SEO plugin v21.0 - https:\/\/yoast.com\/wordpress\/plugins\/seo\/ -->\n<title>Partnereink - Target Sales Group<\/title>\n<meta name=\"description\" content=\"Az elm\u00falt t\u00f6bb, mint 20 \u00e9vben a magyar FMCG kereskedelem szinte minden szerepl\u0151j\u00e9vel kapcsolatba ker\u00fclt\u00fcnk.\" \/>\n<meta name=\"robots\" content=\"index, follow, max-snippet:-1, max-image-preview:large, max-video-preview:-1\" \/>\n<link rel=\"canonical\" href=\"https:\/\/www.targetsalesgroup.com\/en\/our-partners\/\" \/>\n<meta property=\"og:locale\" content=\"en_US\" \/>\n<meta property=\"og:type\" content=\"article\" \/>\n<meta property=\"og:title\" content=\"Partnereink - Target Sales Group\" \/>\n<meta property=\"og:description\" content=\"Az elm\u00falt t\u00f6bb, mint 20 \u00e9vben a magyar FMCG kereskedelem szinte minden szerepl\u0151j\u00e9vel kapcsolatba ker\u00fclt\u00fcnk.\" \/>\n<meta property=\"og:url\" content=\"https:\/\/www.targetsalesgroup.com\/en\/our-partners\/\" \/>\n<meta property=\"og:site_name\" content=\"Target Sales Group\" \/>\n<meta property=\"article:modified_time\" content=\"2023-09-26T10:34:56+00:00\" \/>\n<meta name=\"twitter:card\" content=\"summary_large_image\" \/>\n<meta name=\"twitter:label1\" content=\"Est. reading time\" \/>\n\t<meta name=\"twitter:data1\" content=\"1 minute\" \/>\n<script type=\"application\/ld+json\" class=\"yoast-schema-graph\">{\"@context\":\"https:\/\/schema.org\",\"@graph\":[{\"@type\":\"WebPage\",\"@id\":\"https:\/\/www.targetsalesgroup.com\/partnereink\/\",\"url\":\"https:\/\/www.targetsalesgroup.com\/partnereink\/\",\"name\":\"Partnereink - Target Sales Group\",\"isPartOf\":{\"@id\":\"https:\/\/www.targetsalesgroup.com\/#website\"},\"datePublished\":\"2023-06-12T19:03:57+00:00\",\"dateModified\":\"2023-09-26T10:34:56+00:00\",\"description\":\"Az elm\u00falt t\u00f6bb, mint 20 \u00e9vben a magyar FMCG kereskedelem szinte minden szerepl\u0151j\u00e9vel kapcsolatba ker\u00fclt\u00fcnk.\",\"breadcrumb\":{\"@id\":\"https:\/\/www.targetsalesgroup.com\/partnereink\/#breadcrumb\"},\"inLanguage\":\"en-US\",\"potentialAction\":[{\"@type\":\"ReadAction\",\"target\":[\"https:\/\/www.targetsalesgroup.com\/partnereink\/\"]}]},{\"@type\":\"BreadcrumbList\",\"@id\":\"https:\/\/www.targetsalesgroup.com\/partnereink\/#breadcrumb\",\"itemListElement\":[{\"@type\":\"ListItem\",\"position\":1,\"name\":\"Kezd\u0151lap\",\"item\":\"https:\/\/www.targetsalesgroup.com\/\"},{\"@type\":\"ListItem\",\"position\":2,\"name\":\"Partnereink\"}]},{\"@type\":\"WebSite\",\"@id\":\"https:\/\/www.targetsalesgroup.com\/#website\",\"url\":\"https:\/\/www.targetsalesgroup.com\/\",\"name\":\"Target Sales Group\",\"description\":\"\",\"publisher\":{\"@id\":\"https:\/\/www.targetsalesgroup.com\/#organization\"},\"potentialAction\":[{\"@type\":\"SearchAction\",\"target\":{\"@type\":\"EntryPoint\",\"urlTemplate\":\"https:\/\/www.targetsalesgroup.com\/?s={search_term_string}\"},\"query-input\":\"required name=search_term_string\"}],\"inLanguage\":\"en-US\"},{\"@type\":\"Organization\",\"@id\":\"https:\/\/www.targetsalesgroup.com\/#organization\",\"name\":\"Target Sales Group\",\"url\":\"https:\/\/www.targetsalesgroup.com\/\",\"logo\":{\"@type\":\"ImageObject\",\"inLanguage\":\"en-US\",\"@id\":\"https:\/\/www.targetsalesgroup.com\/#\/schema\/logo\/image\/\",\"url\":\"https:\/\/www.targetsalesgroup.com\/wp-content\/uploads\/2023\/06\/logo.png\",\"contentUrl\":\"https:\/\/www.targetsalesgroup.com\/wp-content\/uploads\/2023\/06\/logo.png\",\"width\":229,\"height\":77,\"caption\":\"Target Sales Group\"},\"image\":{\"@id\":\"https:\/\/www.targetsalesgroup.com\/#\/schema\/logo\/image\/\"}}]}<\/script>\n<!-- \/ Yoast SEO plugin. -->","yoast_head_json":{"title":"Partnereink - Target Sales Group","description":"Az elm\u00falt t\u00f6bb, mint 20 \u00e9vben a magyar FMCG kereskedelem szinte minden szerepl\u0151j\u00e9vel kapcsolatba ker\u00fclt\u00fcnk.","robots":{"index":"index","follow":"follow","max-snippet":"max-snippet:-1","max-image-preview":"max-image-preview:large","max-video-preview":"max-video-preview:-1"},"canonical":"https:\/\/www.targetsalesgroup.com\/en\/our-partners\/","og_locale":"en_US","og_type":"article","og_title":"Partnereink - Target Sales Group","og_description":"Az elm\u00falt t\u00f6bb, mint 20 \u00e9vben a magyar FMCG kereskedelem szinte minden szerepl\u0151j\u00e9vel kapcsolatba ker\u00fclt\u00fcnk.","og_url":"https:\/\/www.targetsalesgroup.com\/en\/our-partners\/","og_site_name":"Target Sales Group","article_modified_time":"2023-09-26T10:34:56+00:00","twitter_card":"summary_large_image","twitter_misc":{"Est. reading time":"1 minute"},"schema":{"@context":"https:\/\/schema.org","@graph":[{"@type":"WebPage","@id":"https:\/\/www.targetsalesgroup.com\/partnereink\/","url":"https:\/\/www.targetsalesgroup.com\/partnereink\/","name":"Partnereink - Target Sales Group","isPartOf":{"@id":"https:\/\/www.targetsalesgroup.com\/#website"},"datePublished":"2023-06-12T19:03:57+00:00","dateModified":"2023-09-26T10:34:56+00:00","description":"Az elm\u00falt t\u00f6bb, mint 20 \u00e9vben a magyar FMCG kereskedelem szinte minden szerepl\u0151j\u00e9vel kapcsolatba ker\u00fclt\u00fcnk.","breadcrumb":{"@id":"https:\/\/www.targetsalesgroup.com\/partnereink\/#breadcrumb"},"inLanguage":"en-US","potentialAction":[{"@type":"ReadAction","target":["https:\/\/www.targetsalesgroup.com\/partnereink\/"]}]},{"@type":"BreadcrumbList","@id":"https:\/\/www.targetsalesgroup.com\/partnereink\/#breadcrumb","itemListElement":[{"@type":"ListItem","position":1,"name":"Kezd\u0151lap","item":"https:\/\/www.targetsalesgroup.com\/"},{"@type":"ListItem","position":2,"name":"Partnereink"}]},{"@type":"WebSite","@id":"https:\/\/www.targetsalesgroup.com\/#website","url":"https:\/\/www.targetsalesgroup.com\/","name":"Target Sales Group","description":"","publisher":{"@id":"https:\/\/www.targetsalesgroup.com\/#organization"},"potentialAction":[{"@type":"SearchAction","target":{"@type":"EntryPoint","urlTemplate":"https:\/\/www.targetsalesgroup.com\/?s={search_term_string}"},"query-input":"required name=search_term_string"}],"inLanguage":"en-US"},{"@type":"Organization","@id":"https:\/\/www.targetsalesgroup.com\/#organization","name":"Target Sales Group","url":"https:\/\/www.targetsalesgroup.com\/","logo":{"@type":"ImageObject","inLanguage":"en-US","@id":"https:\/\/www.targetsalesgroup.com\/#\/schema\/logo\/image\/","url":"https:\/\/www.targetsalesgroup.com\/wp-content\/uploads\/2023\/06\/logo.png","contentUrl":"https:\/\/www.targetsalesgroup.com\/wp-content\/uploads\/2023\/06\/logo.png","width":229,"height":77,"caption":"Target Sales Group"},"image":{"@id":"https:\/\/www.targetsalesgroup.com\/#\/schema\/logo\/image\/"}}]}},"_links":{"self":[{"href":"https:\/\/www.targetsalesgroup.com\/en\/wp-json\/wp\/v2\/pages\/23","targetHints":{"allow":["GET"]}}],"collection":[{"href":"https:\/\/www.targetsalesgroup.com\/en\/wp-json\/wp\/v2\/pages"}],"about":[{"href":"https:\/\/www.targetsalesgroup.com\/en\/wp-json\/wp\/v2\/types\/page"}],"author":[{"embeddable":true,"href":"https:\/\/www.targetsalesgroup.com\/en\/wp-json\/wp\/v2\/users\/1"}],"replies":[{"embeddable":true,"href":"https:\/\/www.targetsalesgroup.com\/en\/wp-json\/wp\/v2\/comments?post=23"}],"version-history":[{"count":41,"href":"https:\/\/www.targetsalesgroup.com\/en\/wp-json\/wp\/v2\/pages\/23\/revisions"}],"predecessor-version":[{"id":766,"href":"https:\/\/www.targetsalesgroup.com\/en\/wp-json\/wp\/v2\/pages\/23\/revisions\/766"}],"wp:attachment":[{"href":"https:\/\/www.targetsalesgroup.com\/en\/wp-json\/wp\/v2\/media?parent=23"}],"curies":[{"name":"wp","href":"https:\/\/api.w.org\/{rel}","templated":true}]}}