{"id":154,"date":"2023-06-15T20:04:20","date_gmt":"2023-06-15T18:04:20","guid":{"rendered":"http:\/\/www.targetsalesgroup.com\/?page_id=154"},"modified":"2023-06-15T20:04:47","modified_gmt":"2023-06-15T18:04:47","slug":"jogi-nyilatkozat","status":"publish","type":"page","link":"https:\/\/www.targetsalesgroup.com\/en\/jogi-nyilatkozat\/","title":{"rendered":"Legal disclaimer"},"content":{"rendered":"<div data-elementor-type=\"wp-page\" data-elementor-id=\"154\" class=\"elementor elementor-154\">\n\t\t\t\t\t\t\t\t\t<section class=\"elementor-section elementor-top-section elementor-element elementor-element-2db61a0 elementor-section-boxed elementor-section-height-default elementor-section-height-default\" data-id=\"2db61a0\" data-element_type=\"section\">\n\t\t\t\t\t\t<div class=\"elementor-container elementor-column-gap-default\">\n\t\t\t\t\t<div class=\"elementor-column elementor-col-100 elementor-top-column elementor-element elementor-element-589b391\" data-id=\"589b391\" data-element_type=\"column\">\n\t\t\t<div class=\"elementor-widget-wrap elementor-element-populated\">\n\t\t\t\t\t\t\t\t<div class=\"elementor-element elementor-element-326c3cf elementor-widget elementor-widget-heading\" data-id=\"326c3cf\" data-element_type=\"widget\" data-widget_type=\"heading.default\">\n\t\t\t\t<div class=\"elementor-widget-container\">\n\t\t\t<style>\/*! elementor - v3.15.0 - 20-08-2023 *\/\n.elementor-heading-title{padding:0;margin:0;line-height:1}.elementor-widget-heading .elementor-heading-title[class*=elementor-size-]>a{color:inherit;font-size:inherit;line-height:inherit}.elementor-widget-heading .elementor-heading-title.elementor-size-small{font-size:15px}.elementor-widget-heading .elementor-heading-title.elementor-size-medium{font-size:19px}.elementor-widget-heading .elementor-heading-title.elementor-size-large{font-size:29px}.elementor-widget-heading .elementor-heading-title.elementor-size-xl{font-size:39px}.elementor-widget-heading .elementor-heading-title.elementor-size-xxl{font-size:59px}<\/style><h1 class=\"elementor-heading-title elementor-size-default\">Legal disclaimer<\/h1>\t\t<\/div>\n\t\t\t\t<\/div>\n\t\t\t\t<div class=\"elementor-element elementor-element-8a65e00 elementor-widget elementor-widget-text-editor\" data-id=\"8a65e00\" data-element_type=\"widget\" data-widget_type=\"text-editor.default\">\n\t\t\t\t<div class=\"elementor-widget-container\">\n\t\t\t<style>\/*! elementor - v3.15.0 - 20-08-2023 *\/\n.elementor-widget-text-editor.elementor-drop-cap-view-stacked .elementor-drop-cap{background-color:#69727d;color:#fff}.elementor-widget-text-editor.elementor-drop-cap-view-framed .elementor-drop-cap{color:#69727d;border:3px solid;background-color:transparent}.elementor-widget-text-editor:not(.elementor-drop-cap-view-default) .elementor-drop-cap{margin-top:8px}.elementor-widget-text-editor:not(.elementor-drop-cap-view-default) .elementor-drop-cap-letter{width:1em;height:1em}.elementor-widget-text-editor .elementor-drop-cap{float:left;text-align:center;line-height:1;font-size:50px}.elementor-widget-text-editor .elementor-drop-cap-letter{display:inline-block}<\/style>\t\t\t\t<p>This website is owned and operated by Target Sales Group Kft (Owner).<\/p><p>The Owner has exclusive rights of use over any content - text and graphic elements - on the website under Act LXXVI of 1999 on Copyright.<\/p><p>Copying and use of these may only be authorised by the Owner upon written request.<\/p><p>Please send any such requests to info@targetsalesgroup.com.<\/p><p>The Owner may decide to charge a fee for the use of the content, depending on the content to be used, and will inform the requesting party of this in its reply.<\/p><p>The Owner assumes no responsibility for any direct or indirect damage resulting from the use of the website, its improper operation, malfunctions, computer virus or system errors, or data changes caused by unauthorized persons.<\/p><p>Please note that this website may lead you to other companies' websites: to avoid any direct or indirect damage resulting from this, we recommend that you check the legal disclaimers of these sites.<\/p><p>Target Sales Group Ltd. declares that the e-mail address and other data provided by persons requesting information or sending other comments or suggestions via the contact form on the website or the general e-mail address (info@targetsalesgroup.com) provided on the website will not be retained.<\/p>\t\t\t\t\t\t<\/div>\n\t\t\t\t<\/div>\n\t\t\t\t\t<\/div>\n\t\t<\/div>\n\t\t\t\t\t\t\t<\/div>\n\t\t<\/section>\n\t\t\t\t\t\t\t<\/div>","protected":false},"excerpt":{"rendered":"<p>Jogi nyilatkozat A weboldal tulajdonosa \u00e9s \u00fczemeltet\u0151je a Target Sales Group Kft (Tulajdonos). A honlapon tal\u00e1lhat\u00f3 b\u00e1rmilyen tartalom \u2013 sz\u00f6veges \u00e9s grafikai elemek \u2013 felett a Szerz\u0151i jogr\u00f3l sz\u00f3l\u00f3 1999- \u00e9vi LXXVI. t\u00f6rv\u00e9ny alapj\u00e1n kiz\u00e1r\u00f3lagos hasznos\u00edt\u00e1si jogokkal a Tulajdonos rendelkezik. Ezek m\u00e1sol\u00e1s\u00e1t, felhaszn\u00e1l\u00e1s\u00e1t kiz\u00e1r\u00f3lag a Tulajdonos enged\u00e9lyezheti \u00edr\u00e1sbeli k\u00e9r\u00e9sre. Az ilyen ir\u00e1ny\u00fa k\u00e9r\u00e9seket az info@targetsalesgroup.com [&hellip;]<\/p>","protected":false},"author":1,"featured_media":0,"parent":0,"menu_order":0,"comment_status":"closed","ping_status":"closed","template":"","meta":{"footnotes":""},"class_list":["post-154","page","type-page","status-publish","hentry"],"yoast_head":"<!-- This site is optimized with the Yoast SEO plugin v21.0 - https:\/\/yoast.com\/wordpress\/plugins\/seo\/ -->\n<title>Jogi nyilatkozat - Target Sales Group<\/title>\n<meta name=\"robots\" content=\"index, follow, max-snippet:-1, max-image-preview:large, max-video-preview:-1\" \/>\n<link rel=\"canonical\" href=\"https:\/\/www.targetsalesgroup.com\/en\/jogi-nyilatkozat\/\" \/>\n<meta property=\"og:locale\" content=\"en_US\" \/>\n<meta property=\"og:type\" content=\"article\" \/>\n<meta property=\"og:title\" content=\"Jogi nyilatkozat - Target Sales Group\" \/>\n<meta property=\"og:description\" content=\"Jogi nyilatkozat A weboldal tulajdonosa \u00e9s \u00fczemeltet\u0151je a Target Sales Group Kft (Tulajdonos). A honlapon tal\u00e1lhat\u00f3 b\u00e1rmilyen tartalom \u2013 sz\u00f6veges \u00e9s grafikai elemek \u2013 felett a Szerz\u0151i jogr\u00f3l sz\u00f3l\u00f3 1999- \u00e9vi LXXVI. t\u00f6rv\u00e9ny alapj\u00e1n kiz\u00e1r\u00f3lagos hasznos\u00edt\u00e1si jogokkal a Tulajdonos rendelkezik. Ezek m\u00e1sol\u00e1s\u00e1t, felhaszn\u00e1l\u00e1s\u00e1t kiz\u00e1r\u00f3lag a Tulajdonos enged\u00e9lyezheti \u00edr\u00e1sbeli k\u00e9r\u00e9sre. Az ilyen ir\u00e1ny\u00fa k\u00e9r\u00e9seket az info@targetsalesgroup.com [&hellip;]\" \/>\n<meta property=\"og:url\" content=\"https:\/\/www.targetsalesgroup.com\/en\/jogi-nyilatkozat\/\" \/>\n<meta property=\"og:site_name\" content=\"Target Sales Group\" \/>\n<meta property=\"article:modified_time\" content=\"2023-06-15T18:04:47+00:00\" \/>\n<meta name=\"twitter:card\" content=\"summary_large_image\" \/>\n<meta name=\"twitter:label1\" content=\"Est. reading time\" \/>\n\t<meta name=\"twitter:data1\" content=\"1 minute\" \/>\n<script type=\"application\/ld+json\" class=\"yoast-schema-graph\">{\"@context\":\"https:\/\/schema.org\",\"@graph\":[{\"@type\":\"WebPage\",\"@id\":\"https:\/\/www.targetsalesgroup.com\/jogi-nyilatkozat\/\",\"url\":\"https:\/\/www.targetsalesgroup.com\/jogi-nyilatkozat\/\",\"name\":\"Jogi nyilatkozat - Target Sales Group\",\"isPartOf\":{\"@id\":\"https:\/\/www.targetsalesgroup.com\/#website\"},\"datePublished\":\"2023-06-15T18:04:20+00:00\",\"dateModified\":\"2023-06-15T18:04:47+00:00\",\"breadcrumb\":{\"@id\":\"https:\/\/www.targetsalesgroup.com\/jogi-nyilatkozat\/#breadcrumb\"},\"inLanguage\":\"en-US\",\"potentialAction\":[{\"@type\":\"ReadAction\",\"target\":[\"https:\/\/www.targetsalesgroup.com\/jogi-nyilatkozat\/\"]}]},{\"@type\":\"BreadcrumbList\",\"@id\":\"https:\/\/www.targetsalesgroup.com\/jogi-nyilatkozat\/#breadcrumb\",\"itemListElement\":[{\"@type\":\"ListItem\",\"position\":1,\"name\":\"Kezd\u0151lap\",\"item\":\"https:\/\/www.targetsalesgroup.com\/\"},{\"@type\":\"ListItem\",\"position\":2,\"name\":\"Jogi nyilatkozat\"}]},{\"@type\":\"WebSite\",\"@id\":\"https:\/\/www.targetsalesgroup.com\/#website\",\"url\":\"https:\/\/www.targetsalesgroup.com\/\",\"name\":\"Target Sales Group\",\"description\":\"\",\"publisher\":{\"@id\":\"https:\/\/www.targetsalesgroup.com\/#organization\"},\"potentialAction\":[{\"@type\":\"SearchAction\",\"target\":{\"@type\":\"EntryPoint\",\"urlTemplate\":\"https:\/\/www.targetsalesgroup.com\/?s={search_term_string}\"},\"query-input\":\"required name=search_term_string\"}],\"inLanguage\":\"en-US\"},{\"@type\":\"Organization\",\"@id\":\"https:\/\/www.targetsalesgroup.com\/#organization\",\"name\":\"Target Sales Group\",\"url\":\"https:\/\/www.targetsalesgroup.com\/\",\"logo\":{\"@type\":\"ImageObject\",\"inLanguage\":\"en-US\",\"@id\":\"https:\/\/www.targetsalesgroup.com\/#\/schema\/logo\/image\/\",\"url\":\"https:\/\/www.targetsalesgroup.com\/wp-content\/uploads\/2023\/06\/logo.png\",\"contentUrl\":\"https:\/\/www.targetsalesgroup.com\/wp-content\/uploads\/2023\/06\/logo.png\",\"width\":229,\"height\":77,\"caption\":\"Target Sales Group\"},\"image\":{\"@id\":\"https:\/\/www.targetsalesgroup.com\/#\/schema\/logo\/image\/\"}}]}<\/script>\n<!-- \/ Yoast SEO plugin. -->","yoast_head_json":{"title":"Jogi nyilatkozat - Target Sales Group","robots":{"index":"index","follow":"follow","max-snippet":"max-snippet:-1","max-image-preview":"max-image-preview:large","max-video-preview":"max-video-preview:-1"},"canonical":"https:\/\/www.targetsalesgroup.com\/en\/jogi-nyilatkozat\/","og_locale":"en_US","og_type":"article","og_title":"Jogi nyilatkozat - Target Sales Group","og_description":"Jogi nyilatkozat A weboldal tulajdonosa \u00e9s \u00fczemeltet\u0151je a Target Sales Group Kft (Tulajdonos). A honlapon tal\u00e1lhat\u00f3 b\u00e1rmilyen tartalom \u2013 sz\u00f6veges \u00e9s grafikai elemek \u2013 felett a Szerz\u0151i jogr\u00f3l sz\u00f3l\u00f3 1999- \u00e9vi LXXVI. t\u00f6rv\u00e9ny alapj\u00e1n kiz\u00e1r\u00f3lagos hasznos\u00edt\u00e1si jogokkal a Tulajdonos rendelkezik. Ezek m\u00e1sol\u00e1s\u00e1t, felhaszn\u00e1l\u00e1s\u00e1t kiz\u00e1r\u00f3lag a Tulajdonos enged\u00e9lyezheti \u00edr\u00e1sbeli k\u00e9r\u00e9sre. Az ilyen ir\u00e1ny\u00fa k\u00e9r\u00e9seket az info@targetsalesgroup.com [&hellip;]","og_url":"https:\/\/www.targetsalesgroup.com\/en\/jogi-nyilatkozat\/","og_site_name":"Target Sales Group","article_modified_time":"2023-06-15T18:04:47+00:00","twitter_card":"summary_large_image","twitter_misc":{"Est. reading time":"1 minute"},"schema":{"@context":"https:\/\/schema.org","@graph":[{"@type":"WebPage","@id":"https:\/\/www.targetsalesgroup.com\/jogi-nyilatkozat\/","url":"https:\/\/www.targetsalesgroup.com\/jogi-nyilatkozat\/","name":"Jogi nyilatkozat - Target Sales Group","isPartOf":{"@id":"https:\/\/www.targetsalesgroup.com\/#website"},"datePublished":"2023-06-15T18:04:20+00:00","dateModified":"2023-06-15T18:04:47+00:00","breadcrumb":{"@id":"https:\/\/www.targetsalesgroup.com\/jogi-nyilatkozat\/#breadcrumb"},"inLanguage":"en-US","potentialAction":[{"@type":"ReadAction","target":["https:\/\/www.targetsalesgroup.com\/jogi-nyilatkozat\/"]}]},{"@type":"BreadcrumbList","@id":"https:\/\/www.targetsalesgroup.com\/jogi-nyilatkozat\/#breadcrumb","itemListElement":[{"@type":"ListItem","position":1,"name":"Kezd\u0151lap","item":"https:\/\/www.targetsalesgroup.com\/"},{"@type":"ListItem","position":2,"name":"Jogi nyilatkozat"}]},{"@type":"WebSite","@id":"https:\/\/www.targetsalesgroup.com\/#website","url":"https:\/\/www.targetsalesgroup.com\/","name":"Target Sales Group","description":"","publisher":{"@id":"https:\/\/www.targetsalesgroup.com\/#organization"},"potentialAction":[{"@type":"SearchAction","target":{"@type":"EntryPoint","urlTemplate":"https:\/\/www.targetsalesgroup.com\/?s={search_term_string}"},"query-input":"required name=search_term_string"}],"inLanguage":"en-US"},{"@type":"Organization","@id":"https:\/\/www.targetsalesgroup.com\/#organization","name":"Target Sales Group","url":"https:\/\/www.targetsalesgroup.com\/","logo":{"@type":"ImageObject","inLanguage":"en-US","@id":"https:\/\/www.targetsalesgroup.com\/#\/schema\/logo\/image\/","url":"https:\/\/www.targetsalesgroup.com\/wp-content\/uploads\/2023\/06\/logo.png","contentUrl":"https:\/\/www.targetsalesgroup.com\/wp-content\/uploads\/2023\/06\/logo.png","width":229,"height":77,"caption":"Target Sales Group"},"image":{"@id":"https:\/\/www.targetsalesgroup.com\/#\/schema\/logo\/image\/"}}]}},"_links":{"self":[{"href":"https:\/\/www.targetsalesgroup.com\/en\/wp-json\/wp\/v2\/pages\/154","targetHints":{"allow":["GET"]}}],"collection":[{"href":"https:\/\/www.targetsalesgroup.com\/en\/wp-json\/wp\/v2\/pages"}],"about":[{"href":"https:\/\/www.targetsalesgroup.com\/en\/wp-json\/wp\/v2\/types\/page"}],"author":[{"embeddable":true,"href":"https:\/\/www.targetsalesgroup.com\/en\/wp-json\/wp\/v2\/users\/1"}],"replies":[{"embeddable":true,"href":"https:\/\/www.targetsalesgroup.com\/en\/wp-json\/wp\/v2\/comments?post=154"}],"version-history":[{"count":4,"href":"https:\/\/www.targetsalesgroup.com\/en\/wp-json\/wp\/v2\/pages\/154\/revisions"}],"predecessor-version":[{"id":158,"href":"https:\/\/www.targetsalesgroup.com\/en\/wp-json\/wp\/v2\/pages\/154\/revisions\/158"}],"wp:attachment":[{"href":"https:\/\/www.targetsalesgroup.com\/en\/wp-json\/wp\/v2\/media?parent=154"}],"curies":[{"name":"wp","href":"https:\/\/api.w.org\/{rel}","templated":true}]}}