{"id":70,"date":"2023-06-15T19:21:30","date_gmt":"2023-06-15T17:21:30","guid":{"rendered":"http:\/\/www.targetsalesgroup.com\/?page_id=70"},"modified":"2025-10-12T19:15:33","modified_gmt":"2025-10-12T17:15:33","slug":"kapcsolat","status":"publish","type":"page","link":"https:\/\/www.targetsalesgroup.com\/cs\/kontakt\/","title":{"rendered":"Kontakt"},"content":{"rendered":"<div data-elementor-type=\"wp-page\" data-elementor-id=\"70\" class=\"elementor elementor-70\">\n\t\t\t\t\t\t\t\t\t<section class=\"elementor-section elementor-top-section elementor-element elementor-element-61ab59d elementor-section-boxed elementor-section-height-default elementor-section-height-default\" data-id=\"61ab59d\" data-element_type=\"section\">\n\t\t\t\t\t\t<div class=\"elementor-container elementor-column-gap-default\">\n\t\t\t\t\t<div class=\"elementor-column elementor-col-100 elementor-top-column elementor-element elementor-element-58bafe0\" data-id=\"58bafe0\" data-element_type=\"column\">\n\t\t\t<div class=\"elementor-widget-wrap elementor-element-populated\">\n\t\t\t\t\t\t\t\t<div class=\"elementor-element elementor-element-d317c6a elementor-widget elementor-widget-heading\" data-id=\"d317c6a\" data-element_type=\"widget\" data-widget_type=\"heading.default\">\n\t\t\t\t<div class=\"elementor-widget-container\">\n\t\t\t<style>\/*! elementor - v3.15.0 - 20-08-2023 *\/\n.elementor-heading-title{padding:0;margin:0;line-height:1}.elementor-widget-heading .elementor-heading-title[class*=elementor-size-]>a{color:inherit;font-size:inherit;line-height:inherit}.elementor-widget-heading .elementor-heading-title.elementor-size-small{font-size:15px}.elementor-widget-heading .elementor-heading-title.elementor-size-medium{font-size:19px}.elementor-widget-heading .elementor-heading-title.elementor-size-large{font-size:29px}.elementor-widget-heading .elementor-heading-title.elementor-size-xl{font-size:39px}.elementor-widget-heading .elementor-heading-title.elementor-size-xxl{font-size:59px}<\/style><h1 class=\"elementor-heading-title elementor-size-default\">Kontakt<\/h1>\t\t<\/div>\n\t\t\t\t<\/div>\n\t\t\t\t<section class=\"elementor-section elementor-inner-section elementor-element elementor-element-ce6f8e1 elementor-section-boxed elementor-section-height-default elementor-section-height-default\" data-id=\"ce6f8e1\" data-element_type=\"section\">\n\t\t\t\t\t\t<div class=\"elementor-container elementor-column-gap-default\">\n\t\t\t\t\t<div class=\"elementor-column elementor-col-50 elementor-inner-column elementor-element elementor-element-3a0588f\" data-id=\"3a0588f\" data-element_type=\"column\">\n\t\t\t<div class=\"elementor-widget-wrap elementor-element-populated\">\n\t\t\t\t\t\t\t\t<div class=\"elementor-element elementor-element-c2de19d elementor-widget elementor-widget-heading\" data-id=\"c2de19d\" data-element_type=\"widget\" data-widget_type=\"heading.default\">\n\t\t\t\t<div class=\"elementor-widget-container\">\n\t\t\t<h2 class=\"elementor-heading-title elementor-size-default\">Kontaktujte n\u00e1s<\/h2>\t\t<\/div>\n\t\t\t\t<\/div>\n\t\t\t\t<div class=\"elementor-element elementor-element-b7e7e64 elementor-widget elementor-widget-text-editor\" data-id=\"b7e7e64\" data-element_type=\"widget\" data-widget_type=\"text-editor.default\">\n\t\t\t\t<div class=\"elementor-widget-container\">\n\t\t\t<style>\/*! elementor - v3.15.0 - 20-08-2023 *\/\n.elementor-widget-text-editor.elementor-drop-cap-view-stacked .elementor-drop-cap{background-color:#69727d;color:#fff}.elementor-widget-text-editor.elementor-drop-cap-view-framed .elementor-drop-cap{color:#69727d;border:3px solid;background-color:transparent}.elementor-widget-text-editor:not(.elementor-drop-cap-view-default) .elementor-drop-cap{margin-top:8px}.elementor-widget-text-editor:not(.elementor-drop-cap-view-default) .elementor-drop-cap-letter{width:1em;height:1em}.elementor-widget-text-editor .elementor-drop-cap{float:left;text-align:center;line-height:1;font-size:50px}.elementor-widget-text-editor .elementor-drop-cap-letter{display:inline-block}<\/style>\t\t\t\t<p><strong>Target Sales s.r.o.<\/strong><br \/><strong>Adresa<\/strong>: Na P\u0159\u00edkop\u011b 18, 110 00 Praha 1<br \/><strong>E-mail<\/strong>: info@targetsalesgroup.com<\/p>\t\t\t\t\t\t<\/div>\n\t\t\t\t<\/div>\n\t\t\t\t\t<\/div>\n\t\t<\/div>\n\t\t\t\t<div class=\"elementor-column elementor-col-50 elementor-inner-column elementor-element elementor-element-5f1901c\" data-id=\"5f1901c\" data-element_type=\"column\">\n\t\t\t<div class=\"elementor-widget-wrap elementor-element-populated\">\n\t\t\t\t\t\t\t\t<div class=\"elementor-element elementor-element-f290071 elementor-widget elementor-widget-heading\" data-id=\"f290071\" data-element_type=\"widget\" data-widget_type=\"heading.default\">\n\t\t\t\t<div class=\"elementor-widget-container\">\n\t\t\t<h2 class=\"elementor-heading-title elementor-size-default\">M\u00e1te ot\u00e1zky? Zeptejte se n\u00e1s.<\/h2>\t\t<\/div>\n\t\t\t\t<\/div>\n\t\t\t\t<div class=\"elementor-element elementor-element-975fe8a elementor-widget elementor-widget-html\" data-id=\"975fe8a\" data-element_type=\"widget\" data-widget_type=\"html.default\">\n\t\t\t\t<div class=\"elementor-widget-container\">\n\t\t\t\n<div class=\"wpcf7 no-js\" id=\"wpcf7-f137-o1\" lang=\"hu-HU\" dir=\"ltr\">\n<div class=\"screen-reader-response\"><p role=\"status\" aria-live=\"polite\" aria-atomic=\"true\"><\/p> <ul><\/ul><\/div>\n<form action=\"\/cs\/wp-json\/wp\/v2\/pages\/70#wpcf7-f137-o1\" method=\"post\" class=\"wpcf7-form init\" aria-label=\"Kapcsolatfelv\u00e9teli \u0171rlap\" novalidate=\"novalidate\" data-status=\"init\" data-trp-original-action=\"\/cs\/wp-json\/wp\/v2\/pages\/70#wpcf7-f137-o1\">\n<div style=\"display: none;\">\n<input type=\"hidden\" name=\"_wpcf7\" value=\"137\" \/>\n<input type=\"hidden\" name=\"_wpcf7_version\" value=\"5.8\" \/>\n<input type=\"hidden\" name=\"_wpcf7_locale\" value=\"hu_HU\" \/>\n<input type=\"hidden\" name=\"_wpcf7_unit_tag\" value=\"wpcf7-f137-o1\" \/>\n<input type=\"hidden\" name=\"_wpcf7_container_post\" value=\"0\" \/>\n<input type=\"hidden\" name=\"_wpcf7_posted_data_hash\" value=\"\" \/>\n<\/div>\n<p><span class=\"wpcf7-form-control-wrap\" data-name=\"your-name\"><input size=\"40\" class=\"wpcf7-form-control wpcf7-text wpcf7-validates-as-required\" autocomplete=\"name\" aria-required=\"true\" aria-invalid=\"false\" placeholder=\"Jm\u00e9no\" value=\"\" type=\"text\" name=\"your-name\" \/><\/span>\n<\/p>\n<p><span class=\"wpcf7-form-control-wrap\" data-name=\"your-email\"><input size=\"40\" class=\"wpcf7-form-control wpcf7-email wpcf7-validates-as-required wpcf7-text wpcf7-validates-as-email\" autocomplete=\"email\" aria-required=\"true\" aria-invalid=\"false\" placeholder=\"E-mail\" value=\"\" type=\"email\" name=\"your-email\" \/><\/span>\n<\/p>\n<p><span class=\"wpcf7-form-control-wrap\" data-name=\"your-message\"><textarea cols=\"40\" rows=\"4\" class=\"wpcf7-form-control wpcf7-textarea wpcf7-validates-as-required\" aria-required=\"true\" aria-invalid=\"false\" placeholder=\"Zpr\u00e1va\" name=\"your-message\"><\/textarea><\/span>\n<\/p>\n<p><input class=\"wpcf7-form-control wpcf7-submit has-spinner\" type=\"submit\" value=\"Odeslat\" \/>\n<\/p><div class=\"wpcf7-response-output\" aria-hidden=\"true\"><\/div>\n<input type=\"hidden\" name=\"trp-form-language\" value=\"cs\"\/><\/form>\n<\/div>\n\t\t<\/div>\n\t\t\t\t<\/div>\n\t\t\t\t\t<\/div>\n\t\t<\/div>\n\t\t\t\t\t\t\t<\/div>\n\t\t<\/section>\n\t\t\t\t\t<\/div>\n\t\t<\/div>\n\t\t\t\t\t\t\t<\/div>\n\t\t<\/section>\n\t\t\t\t\t\t\t<\/div>","protected":false},"excerpt":{"rendered":"<p>Kapcsolat Keressen minket! Target Sales Group Kft.C\u00edm: H-2120 Dunakeszi, F\u00f3ti \u00fat 92.E-mail: info@targetsalesgroup.com K\u00e9rd\u00e9se van? V\u00e1laszolunk.<\/p>","protected":false},"author":1,"featured_media":0,"parent":0,"menu_order":0,"comment_status":"closed","ping_status":"closed","template":"","meta":{"footnotes":""},"class_list":["post-70","page","type-page","status-publish","hentry"],"yoast_head":"<!-- This site is optimized with the Yoast SEO plugin v21.0 - https:\/\/yoast.com\/wordpress\/plugins\/seo\/ -->\n<title>Kapcsolat - Target Sales Group<\/title>\n<meta name=\"description\" content=\"Keressen minket! Target Sales Group Kft.C\u00edm: H-2120 Dunakeszi, F\u0151 \u00fat 16-18.E-mail: info@targetsalesgroup.com\" \/>\n<meta name=\"robots\" content=\"index, follow, max-snippet:-1, max-image-preview:large, max-video-preview:-1\" \/>\n<link rel=\"canonical\" href=\"https:\/\/www.targetsalesgroup.com\/cs\/kontakt\/\" \/>\n<meta property=\"og:locale\" content=\"cs_CZ\" \/>\n<meta property=\"og:type\" content=\"article\" \/>\n<meta property=\"og:title\" content=\"Kapcsolat - Target Sales Group\" \/>\n<meta property=\"og:description\" content=\"Keressen minket! Target Sales Group Kft.C\u00edm: H-2120 Dunakeszi, F\u0151 \u00fat 16-18.E-mail: info@targetsalesgroup.com\" \/>\n<meta property=\"og:url\" content=\"https:\/\/www.targetsalesgroup.com\/cs\/kontakt\/\" \/>\n<meta property=\"og:site_name\" content=\"Target Sales Group\" \/>\n<meta property=\"article:modified_time\" content=\"2025-10-12T17:15:33+00:00\" \/>\n<meta name=\"twitter:card\" content=\"summary_large_image\" \/>\n<meta name=\"twitter:label1\" content=\"Odhadovan\u00e1 doba \u010dten\u00ed\" \/>\n\t<meta name=\"twitter:data1\" content=\"1 minuta\" \/>\n<script type=\"application\/ld+json\" class=\"yoast-schema-graph\">{\"@context\":\"https:\/\/schema.org\",\"@graph\":[{\"@type\":\"WebPage\",\"@id\":\"https:\/\/www.targetsalesgroup.com\/kapcsolat\/\",\"url\":\"https:\/\/www.targetsalesgroup.com\/kapcsolat\/\",\"name\":\"Kapcsolat - Target Sales Group\",\"isPartOf\":{\"@id\":\"https:\/\/www.targetsalesgroup.com\/#website\"},\"datePublished\":\"2023-06-15T17:21:30+00:00\",\"dateModified\":\"2025-10-12T17:15:33+00:00\",\"description\":\"Keressen minket! Target Sales Group Kft.C\u00edm: H-2120 Dunakeszi, F\u0151 \u00fat 16-18.E-mail: info@targetsalesgroup.com\",\"breadcrumb\":{\"@id\":\"https:\/\/www.targetsalesgroup.com\/kapcsolat\/#breadcrumb\"},\"inLanguage\":\"cs\",\"potentialAction\":[{\"@type\":\"ReadAction\",\"target\":[\"https:\/\/www.targetsalesgroup.com\/kapcsolat\/\"]}]},{\"@type\":\"BreadcrumbList\",\"@id\":\"https:\/\/www.targetsalesgroup.com\/kapcsolat\/#breadcrumb\",\"itemListElement\":[{\"@type\":\"ListItem\",\"position\":1,\"name\":\"Kezd\u0151lap\",\"item\":\"https:\/\/www.targetsalesgroup.com\/\"},{\"@type\":\"ListItem\",\"position\":2,\"name\":\"Kapcsolat\"}]},{\"@type\":\"WebSite\",\"@id\":\"https:\/\/www.targetsalesgroup.com\/#website\",\"url\":\"https:\/\/www.targetsalesgroup.com\/\",\"name\":\"Target Sales Group\",\"description\":\"\",\"publisher\":{\"@id\":\"https:\/\/www.targetsalesgroup.com\/#organization\"},\"potentialAction\":[{\"@type\":\"SearchAction\",\"target\":{\"@type\":\"EntryPoint\",\"urlTemplate\":\"https:\/\/www.targetsalesgroup.com\/?s={search_term_string}\"},\"query-input\":\"required name=search_term_string\"}],\"inLanguage\":\"cs\"},{\"@type\":\"Organization\",\"@id\":\"https:\/\/www.targetsalesgroup.com\/#organization\",\"name\":\"Target Sales Group\",\"url\":\"https:\/\/www.targetsalesgroup.com\/\",\"logo\":{\"@type\":\"ImageObject\",\"inLanguage\":\"cs\",\"@id\":\"https:\/\/www.targetsalesgroup.com\/#\/schema\/logo\/image\/\",\"url\":\"https:\/\/www.targetsalesgroup.com\/wp-content\/uploads\/2023\/06\/logo.png\",\"contentUrl\":\"https:\/\/www.targetsalesgroup.com\/wp-content\/uploads\/2023\/06\/logo.png\",\"width\":229,\"height\":77,\"caption\":\"Target Sales Group\"},\"image\":{\"@id\":\"https:\/\/www.targetsalesgroup.com\/#\/schema\/logo\/image\/\"}}]}<\/script>\n<!-- \/ Yoast SEO plugin. -->","yoast_head_json":{"title":"Kapcsolat - Target Sales Group","description":"Keressen minket! Target Sales Group Kft.C\u00edm: H-2120 Dunakeszi, F\u0151 \u00fat 16-18.E-mail: info@targetsalesgroup.com","robots":{"index":"index","follow":"follow","max-snippet":"max-snippet:-1","max-image-preview":"max-image-preview:large","max-video-preview":"max-video-preview:-1"},"canonical":"https:\/\/www.targetsalesgroup.com\/cs\/kontakt\/","og_locale":"cs_CZ","og_type":"article","og_title":"Kapcsolat - Target Sales Group","og_description":"Keressen minket! Target Sales Group Kft.C\u00edm: H-2120 Dunakeszi, F\u0151 \u00fat 16-18.E-mail: info@targetsalesgroup.com","og_url":"https:\/\/www.targetsalesgroup.com\/cs\/kontakt\/","og_site_name":"Target Sales Group","article_modified_time":"2025-10-12T17:15:33+00:00","twitter_card":"summary_large_image","twitter_misc":{"Odhadovan\u00e1 doba \u010dten\u00ed":"1 minuta"},"schema":{"@context":"https:\/\/schema.org","@graph":[{"@type":"WebPage","@id":"https:\/\/www.targetsalesgroup.com\/kapcsolat\/","url":"https:\/\/www.targetsalesgroup.com\/kapcsolat\/","name":"Kapcsolat - Target Sales Group","isPartOf":{"@id":"https:\/\/www.targetsalesgroup.com\/#website"},"datePublished":"2023-06-15T17:21:30+00:00","dateModified":"2025-10-12T17:15:33+00:00","description":"Keressen minket! Target Sales Group Kft.C\u00edm: H-2120 Dunakeszi, F\u0151 \u00fat 16-18.E-mail: info@targetsalesgroup.com","breadcrumb":{"@id":"https:\/\/www.targetsalesgroup.com\/kapcsolat\/#breadcrumb"},"inLanguage":"cs","potentialAction":[{"@type":"ReadAction","target":["https:\/\/www.targetsalesgroup.com\/kapcsolat\/"]}]},{"@type":"BreadcrumbList","@id":"https:\/\/www.targetsalesgroup.com\/kapcsolat\/#breadcrumb","itemListElement":[{"@type":"ListItem","position":1,"name":"Kezd\u0151lap","item":"https:\/\/www.targetsalesgroup.com\/"},{"@type":"ListItem","position":2,"name":"Kapcsolat"}]},{"@type":"WebSite","@id":"https:\/\/www.targetsalesgroup.com\/#website","url":"https:\/\/www.targetsalesgroup.com\/","name":"Target Sales Group","description":"","publisher":{"@id":"https:\/\/www.targetsalesgroup.com\/#organization"},"potentialAction":[{"@type":"SearchAction","target":{"@type":"EntryPoint","urlTemplate":"https:\/\/www.targetsalesgroup.com\/?s={search_term_string}"},"query-input":"required name=search_term_string"}],"inLanguage":"cs"},{"@type":"Organization","@id":"https:\/\/www.targetsalesgroup.com\/#organization","name":"Target Sales Group","url":"https:\/\/www.targetsalesgroup.com\/","logo":{"@type":"ImageObject","inLanguage":"cs","@id":"https:\/\/www.targetsalesgroup.com\/#\/schema\/logo\/image\/","url":"https:\/\/www.targetsalesgroup.com\/wp-content\/uploads\/2023\/06\/logo.png","contentUrl":"https:\/\/www.targetsalesgroup.com\/wp-content\/uploads\/2023\/06\/logo.png","width":229,"height":77,"caption":"Target Sales Group"},"image":{"@id":"https:\/\/www.targetsalesgroup.com\/#\/schema\/logo\/image\/"}}]}},"_links":{"self":[{"href":"https:\/\/www.targetsalesgroup.com\/cs\/wp-json\/wp\/v2\/pages\/70","targetHints":{"allow":["GET"]}}],"collection":[{"href":"https:\/\/www.targetsalesgroup.com\/cs\/wp-json\/wp\/v2\/pages"}],"about":[{"href":"https:\/\/www.targetsalesgroup.com\/cs\/wp-json\/wp\/v2\/types\/page"}],"author":[{"embeddable":true,"href":"https:\/\/www.targetsalesgroup.com\/cs\/wp-json\/wp\/v2\/users\/1"}],"replies":[{"embeddable":true,"href":"https:\/\/www.targetsalesgroup.com\/cs\/wp-json\/wp\/v2\/comments?post=70"}],"version-history":[{"count":29,"href":"https:\/\/www.targetsalesgroup.com\/cs\/wp-json\/wp\/v2\/pages\/70\/revisions"}],"predecessor-version":[{"id":803,"href":"https:\/\/www.targetsalesgroup.com\/cs\/wp-json\/wp\/v2\/pages\/70\/revisions\/803"}],"wp:attachment":[{"href":"https:\/\/www.targetsalesgroup.com\/cs\/wp-json\/wp\/v2\/media?parent=70"}],"curies":[{"name":"wp","href":"https:\/\/api.w.org\/{rel}","templated":true}]}}