{"id":154,"date":"2023-06-15T20:04:20","date_gmt":"2023-06-15T18:04:20","guid":{"rendered":"http:\/\/www.targetsalesgroup.com\/?page_id=154"},"modified":"2023-06-15T20:04:47","modified_gmt":"2023-06-15T18:04:47","slug":"jogi-nyilatkozat","status":"publish","type":"page","link":"https:\/\/www.targetsalesgroup.com\/cs\/pravni-prohlaseni-o-vylouceni-odpovednosti\/","title":{"rendered":"Pr\u00e1vn\u00ed prohl\u00e1\u0161en\u00ed o vylou\u010den\u00ed odpov\u011bdnosti"},"content":{"rendered":"<div data-elementor-type=\"wp-page\" data-elementor-id=\"154\" class=\"elementor elementor-154\">\n\t\t\t\t\t\t\t\t\t<section class=\"elementor-section elementor-top-section elementor-element elementor-element-2db61a0 elementor-section-boxed elementor-section-height-default elementor-section-height-default\" data-id=\"2db61a0\" data-element_type=\"section\">\n\t\t\t\t\t\t<div class=\"elementor-container elementor-column-gap-default\">\n\t\t\t\t\t<div class=\"elementor-column elementor-col-100 elementor-top-column elementor-element elementor-element-589b391\" data-id=\"589b391\" data-element_type=\"column\">\n\t\t\t<div class=\"elementor-widget-wrap elementor-element-populated\">\n\t\t\t\t\t\t\t\t<div class=\"elementor-element elementor-element-326c3cf elementor-widget elementor-widget-heading\" data-id=\"326c3cf\" data-element_type=\"widget\" data-widget_type=\"heading.default\">\n\t\t\t\t<div class=\"elementor-widget-container\">\n\t\t\t<style>\/*! elementor - v3.15.0 - 20-08-2023 *\/\n.elementor-heading-title{padding:0;margin:0;line-height:1}.elementor-widget-heading .elementor-heading-title[class*=elementor-size-]>a{color:inherit;font-size:inherit;line-height:inherit}.elementor-widget-heading .elementor-heading-title.elementor-size-small{font-size:15px}.elementor-widget-heading .elementor-heading-title.elementor-size-medium{font-size:19px}.elementor-widget-heading .elementor-heading-title.elementor-size-large{font-size:29px}.elementor-widget-heading .elementor-heading-title.elementor-size-xl{font-size:39px}.elementor-widget-heading .elementor-heading-title.elementor-size-xxl{font-size:59px}<\/style><h1 class=\"elementor-heading-title elementor-size-default\">Pr\u00e1vn\u00ed prohl\u00e1\u0161en\u00ed o vylou\u010den\u00ed odpov\u011bdnosti<\/h1>\t\t<\/div>\n\t\t\t\t<\/div>\n\t\t\t\t<div class=\"elementor-element elementor-element-8a65e00 elementor-widget elementor-widget-text-editor\" data-id=\"8a65e00\" data-element_type=\"widget\" data-widget_type=\"text-editor.default\">\n\t\t\t\t<div class=\"elementor-widget-container\">\n\t\t\t<style>\/*! elementor - v3.15.0 - 20-08-2023 *\/\n.elementor-widget-text-editor.elementor-drop-cap-view-stacked .elementor-drop-cap{background-color:#69727d;color:#fff}.elementor-widget-text-editor.elementor-drop-cap-view-framed .elementor-drop-cap{color:#69727d;border:3px solid;background-color:transparent}.elementor-widget-text-editor:not(.elementor-drop-cap-view-default) .elementor-drop-cap{margin-top:8px}.elementor-widget-text-editor:not(.elementor-drop-cap-view-default) .elementor-drop-cap-letter{width:1em;height:1em}.elementor-widget-text-editor .elementor-drop-cap{float:left;text-align:center;line-height:1;font-size:50px}.elementor-widget-text-editor .elementor-drop-cap-letter{display:inline-block}<\/style>\t\t\t\t<p>Tyto webov\u00e9 str\u00e1nky vlastn\u00ed a provozuje spole\u010dnost Target Sales Group Kft (vlastn\u00edk).<\/p><p>Vlastn\u00edk m\u00e1 v\u00fdhradn\u00ed pr\u00e1va na u\u017e\u00edv\u00e1n\u00ed ve\u0161ker\u00e9ho obsahu - textov\u00fdch a grafick\u00fdch prvk\u016f - na t\u011bchto webov\u00fdch str\u00e1nk\u00e1ch podle z\u00e1kona LXXVI z roku 1999 o autorsk\u00fdch pr\u00e1vech.<\/p><p>Jejich kop\u00edrov\u00e1n\u00ed a pou\u017e\u00edv\u00e1n\u00ed m\u016f\u017ee povolit pouze Vlastn\u00edk na z\u00e1klad\u011b p\u00edsemn\u00e9 \u017e\u00e1dosti.<\/p><p>Takov\u00e9 \u017e\u00e1dosti zas\u00edlejte na adresu info@targetsalesgroup.com.<\/p><p>Vlastn\u00edk se m\u016f\u017ee rozhodnout \u00fa\u010dtovat poplatek za pou\u017eit\u00ed obsahu v z\u00e1vislosti na obsahu, kter\u00fd m\u00e1 b\u00fdt pou\u017eit, a bude o tom informovat \u017eadatele ve sv\u00e9 odpov\u011bdi.<\/p><p>Vlastn\u00edk nenese \u017e\u00e1dnou odpov\u011bdnost za jak\u00e9koli p\u0159\u00edm\u00e9 \u010di nep\u0159\u00edm\u00e9 \u0161kody vznikl\u00e9 v d\u016fsledku pou\u017e\u00edv\u00e1n\u00ed webov\u00fdch str\u00e1nek, jejich nespr\u00e1vn\u00e9ho fungov\u00e1n\u00ed, poruch, po\u010d\u00edta\u010dov\u00fdch vir\u016f nebo syst\u00e9mov\u00fdch chyb \u010di zm\u011bn dat zp\u016fsoben\u00fdch neopr\u00e1vn\u011bn\u00fdmi osobami.<\/p><p>Upozor\u0148ujeme, \u017ee tyto webov\u00e9 str\u00e1nky mohou v\u00e9st na webov\u00e9 str\u00e1nky jin\u00fdch spole\u010dnost\u00ed: abyste se vyhnuli p\u0159\u00edm\u00fdm nebo nep\u0159\u00edm\u00fdm \u0161kod\u00e1m z toho vypl\u00fdvaj\u00edc\u00edm, doporu\u010dujeme v\u00e1m zkontrolovat pr\u00e1vn\u00ed prohl\u00e1\u0161en\u00ed o vylou\u010den\u00ed odpov\u011bdnosti t\u011bchto str\u00e1nek.<\/p><p>Spole\u010dnost Target Sales Group s.r.o. prohla\u0161uje, \u017ee e-mailov\u00e1 adresa a dal\u0161\u00ed \u00fadaje poskytnut\u00e9 osobami, kter\u00e9 \u017e\u00e1daj\u00ed o informace nebo zas\u00edlaj\u00ed jin\u00e9 p\u0159ipom\u00ednky \u010di n\u00e1vrhy prost\u0159ednictv\u00edm kontaktn\u00edho formul\u00e1\u0159e na webov\u00fdch str\u00e1nk\u00e1ch nebo obecn\u00e9 e-mailov\u00e9 adresy (info@targetsalesgroup.com) uveden\u00e9 na webov\u00fdch str\u00e1nk\u00e1ch, nebudou uchov\u00e1v\u00e1ny.<\/p>\t\t\t\t\t\t<\/div>\n\t\t\t\t<\/div>\n\t\t\t\t\t<\/div>\n\t\t<\/div>\n\t\t\t\t\t\t\t<\/div>\n\t\t<\/section>\n\t\t\t\t\t\t\t<\/div>","protected":false},"excerpt":{"rendered":"<p>Jogi nyilatkozat A weboldal tulajdonosa \u00e9s \u00fczemeltet\u0151je a Target Sales Group Kft (Tulajdonos). A honlapon tal\u00e1lhat\u00f3 b\u00e1rmilyen tartalom \u2013 sz\u00f6veges \u00e9s grafikai elemek \u2013 felett a Szerz\u0151i jogr\u00f3l sz\u00f3l\u00f3 1999- \u00e9vi LXXVI. t\u00f6rv\u00e9ny alapj\u00e1n kiz\u00e1r\u00f3lagos hasznos\u00edt\u00e1si jogokkal a Tulajdonos rendelkezik. Ezek m\u00e1sol\u00e1s\u00e1t, felhaszn\u00e1l\u00e1s\u00e1t kiz\u00e1r\u00f3lag a Tulajdonos enged\u00e9lyezheti \u00edr\u00e1sbeli k\u00e9r\u00e9sre. Az ilyen ir\u00e1ny\u00fa k\u00e9r\u00e9seket az info@targetsalesgroup.com [&hellip;]<\/p>","protected":false},"author":1,"featured_media":0,"parent":0,"menu_order":0,"comment_status":"closed","ping_status":"closed","template":"","meta":{"footnotes":""},"class_list":["post-154","page","type-page","status-publish","hentry"],"yoast_head":"<!-- This site is optimized with the Yoast SEO plugin v21.0 - https:\/\/yoast.com\/wordpress\/plugins\/seo\/ -->\n<title>Jogi nyilatkozat - Target Sales Group<\/title>\n<meta name=\"robots\" content=\"index, follow, max-snippet:-1, max-image-preview:large, max-video-preview:-1\" \/>\n<link rel=\"canonical\" href=\"https:\/\/www.targetsalesgroup.com\/cs\/pravni-prohlaseni-o-vylouceni-odpovednosti\/\" \/>\n<meta property=\"og:locale\" content=\"cs_CZ\" \/>\n<meta property=\"og:type\" content=\"article\" \/>\n<meta property=\"og:title\" content=\"Jogi nyilatkozat - Target Sales Group\" \/>\n<meta property=\"og:description\" content=\"Jogi nyilatkozat A weboldal tulajdonosa \u00e9s \u00fczemeltet\u0151je a Target Sales Group Kft (Tulajdonos). A honlapon tal\u00e1lhat\u00f3 b\u00e1rmilyen tartalom \u2013 sz\u00f6veges \u00e9s grafikai elemek \u2013 felett a Szerz\u0151i jogr\u00f3l sz\u00f3l\u00f3 1999- \u00e9vi LXXVI. t\u00f6rv\u00e9ny alapj\u00e1n kiz\u00e1r\u00f3lagos hasznos\u00edt\u00e1si jogokkal a Tulajdonos rendelkezik. Ezek m\u00e1sol\u00e1s\u00e1t, felhaszn\u00e1l\u00e1s\u00e1t kiz\u00e1r\u00f3lag a Tulajdonos enged\u00e9lyezheti \u00edr\u00e1sbeli k\u00e9r\u00e9sre. Az ilyen ir\u00e1ny\u00fa k\u00e9r\u00e9seket az info@targetsalesgroup.com [&hellip;]\" \/>\n<meta property=\"og:url\" content=\"https:\/\/www.targetsalesgroup.com\/cs\/pravni-prohlaseni-o-vylouceni-odpovednosti\/\" \/>\n<meta property=\"og:site_name\" content=\"Target Sales Group\" \/>\n<meta property=\"article:modified_time\" content=\"2023-06-15T18:04:47+00:00\" \/>\n<meta name=\"twitter:card\" content=\"summary_large_image\" \/>\n<meta name=\"twitter:label1\" content=\"Odhadovan\u00e1 doba \u010dten\u00ed\" \/>\n\t<meta name=\"twitter:data1\" content=\"1 minuta\" \/>\n<script type=\"application\/ld+json\" class=\"yoast-schema-graph\">{\"@context\":\"https:\/\/schema.org\",\"@graph\":[{\"@type\":\"WebPage\",\"@id\":\"https:\/\/www.targetsalesgroup.com\/jogi-nyilatkozat\/\",\"url\":\"https:\/\/www.targetsalesgroup.com\/jogi-nyilatkozat\/\",\"name\":\"Jogi nyilatkozat - Target Sales Group\",\"isPartOf\":{\"@id\":\"https:\/\/www.targetsalesgroup.com\/#website\"},\"datePublished\":\"2023-06-15T18:04:20+00:00\",\"dateModified\":\"2023-06-15T18:04:47+00:00\",\"breadcrumb\":{\"@id\":\"https:\/\/www.targetsalesgroup.com\/jogi-nyilatkozat\/#breadcrumb\"},\"inLanguage\":\"cs\",\"potentialAction\":[{\"@type\":\"ReadAction\",\"target\":[\"https:\/\/www.targetsalesgroup.com\/jogi-nyilatkozat\/\"]}]},{\"@type\":\"BreadcrumbList\",\"@id\":\"https:\/\/www.targetsalesgroup.com\/jogi-nyilatkozat\/#breadcrumb\",\"itemListElement\":[{\"@type\":\"ListItem\",\"position\":1,\"name\":\"Kezd\u0151lap\",\"item\":\"https:\/\/www.targetsalesgroup.com\/\"},{\"@type\":\"ListItem\",\"position\":2,\"name\":\"Jogi nyilatkozat\"}]},{\"@type\":\"WebSite\",\"@id\":\"https:\/\/www.targetsalesgroup.com\/#website\",\"url\":\"https:\/\/www.targetsalesgroup.com\/\",\"name\":\"Target Sales Group\",\"description\":\"\",\"publisher\":{\"@id\":\"https:\/\/www.targetsalesgroup.com\/#organization\"},\"potentialAction\":[{\"@type\":\"SearchAction\",\"target\":{\"@type\":\"EntryPoint\",\"urlTemplate\":\"https:\/\/www.targetsalesgroup.com\/?s={search_term_string}\"},\"query-input\":\"required name=search_term_string\"}],\"inLanguage\":\"cs\"},{\"@type\":\"Organization\",\"@id\":\"https:\/\/www.targetsalesgroup.com\/#organization\",\"name\":\"Target Sales Group\",\"url\":\"https:\/\/www.targetsalesgroup.com\/\",\"logo\":{\"@type\":\"ImageObject\",\"inLanguage\":\"cs\",\"@id\":\"https:\/\/www.targetsalesgroup.com\/#\/schema\/logo\/image\/\",\"url\":\"https:\/\/www.targetsalesgroup.com\/wp-content\/uploads\/2023\/06\/logo.png\",\"contentUrl\":\"https:\/\/www.targetsalesgroup.com\/wp-content\/uploads\/2023\/06\/logo.png\",\"width\":229,\"height\":77,\"caption\":\"Target Sales Group\"},\"image\":{\"@id\":\"https:\/\/www.targetsalesgroup.com\/#\/schema\/logo\/image\/\"}}]}<\/script>\n<!-- \/ Yoast SEO plugin. -->","yoast_head_json":{"title":"Jogi nyilatkozat - Target Sales Group","robots":{"index":"index","follow":"follow","max-snippet":"max-snippet:-1","max-image-preview":"max-image-preview:large","max-video-preview":"max-video-preview:-1"},"canonical":"https:\/\/www.targetsalesgroup.com\/cs\/pravni-prohlaseni-o-vylouceni-odpovednosti\/","og_locale":"cs_CZ","og_type":"article","og_title":"Jogi nyilatkozat - Target Sales Group","og_description":"Jogi nyilatkozat A weboldal tulajdonosa \u00e9s \u00fczemeltet\u0151je a Target Sales Group Kft (Tulajdonos). A honlapon tal\u00e1lhat\u00f3 b\u00e1rmilyen tartalom \u2013 sz\u00f6veges \u00e9s grafikai elemek \u2013 felett a Szerz\u0151i jogr\u00f3l sz\u00f3l\u00f3 1999- \u00e9vi LXXVI. t\u00f6rv\u00e9ny alapj\u00e1n kiz\u00e1r\u00f3lagos hasznos\u00edt\u00e1si jogokkal a Tulajdonos rendelkezik. Ezek m\u00e1sol\u00e1s\u00e1t, felhaszn\u00e1l\u00e1s\u00e1t kiz\u00e1r\u00f3lag a Tulajdonos enged\u00e9lyezheti \u00edr\u00e1sbeli k\u00e9r\u00e9sre. Az ilyen ir\u00e1ny\u00fa k\u00e9r\u00e9seket az info@targetsalesgroup.com [&hellip;]","og_url":"https:\/\/www.targetsalesgroup.com\/cs\/pravni-prohlaseni-o-vylouceni-odpovednosti\/","og_site_name":"Target Sales Group","article_modified_time":"2023-06-15T18:04:47+00:00","twitter_card":"summary_large_image","twitter_misc":{"Odhadovan\u00e1 doba \u010dten\u00ed":"1 minuta"},"schema":{"@context":"https:\/\/schema.org","@graph":[{"@type":"WebPage","@id":"https:\/\/www.targetsalesgroup.com\/jogi-nyilatkozat\/","url":"https:\/\/www.targetsalesgroup.com\/jogi-nyilatkozat\/","name":"Jogi nyilatkozat - Target Sales Group","isPartOf":{"@id":"https:\/\/www.targetsalesgroup.com\/#website"},"datePublished":"2023-06-15T18:04:20+00:00","dateModified":"2023-06-15T18:04:47+00:00","breadcrumb":{"@id":"https:\/\/www.targetsalesgroup.com\/jogi-nyilatkozat\/#breadcrumb"},"inLanguage":"cs","potentialAction":[{"@type":"ReadAction","target":["https:\/\/www.targetsalesgroup.com\/jogi-nyilatkozat\/"]}]},{"@type":"BreadcrumbList","@id":"https:\/\/www.targetsalesgroup.com\/jogi-nyilatkozat\/#breadcrumb","itemListElement":[{"@type":"ListItem","position":1,"name":"Kezd\u0151lap","item":"https:\/\/www.targetsalesgroup.com\/"},{"@type":"ListItem","position":2,"name":"Jogi nyilatkozat"}]},{"@type":"WebSite","@id":"https:\/\/www.targetsalesgroup.com\/#website","url":"https:\/\/www.targetsalesgroup.com\/","name":"Target Sales Group","description":"","publisher":{"@id":"https:\/\/www.targetsalesgroup.com\/#organization"},"potentialAction":[{"@type":"SearchAction","target":{"@type":"EntryPoint","urlTemplate":"https:\/\/www.targetsalesgroup.com\/?s={search_term_string}"},"query-input":"required name=search_term_string"}],"inLanguage":"cs"},{"@type":"Organization","@id":"https:\/\/www.targetsalesgroup.com\/#organization","name":"Target Sales Group","url":"https:\/\/www.targetsalesgroup.com\/","logo":{"@type":"ImageObject","inLanguage":"cs","@id":"https:\/\/www.targetsalesgroup.com\/#\/schema\/logo\/image\/","url":"https:\/\/www.targetsalesgroup.com\/wp-content\/uploads\/2023\/06\/logo.png","contentUrl":"https:\/\/www.targetsalesgroup.com\/wp-content\/uploads\/2023\/06\/logo.png","width":229,"height":77,"caption":"Target Sales Group"},"image":{"@id":"https:\/\/www.targetsalesgroup.com\/#\/schema\/logo\/image\/"}}]}},"_links":{"self":[{"href":"https:\/\/www.targetsalesgroup.com\/cs\/wp-json\/wp\/v2\/pages\/154","targetHints":{"allow":["GET"]}}],"collection":[{"href":"https:\/\/www.targetsalesgroup.com\/cs\/wp-json\/wp\/v2\/pages"}],"about":[{"href":"https:\/\/www.targetsalesgroup.com\/cs\/wp-json\/wp\/v2\/types\/page"}],"author":[{"embeddable":true,"href":"https:\/\/www.targetsalesgroup.com\/cs\/wp-json\/wp\/v2\/users\/1"}],"replies":[{"embeddable":true,"href":"https:\/\/www.targetsalesgroup.com\/cs\/wp-json\/wp\/v2\/comments?post=154"}],"version-history":[{"count":4,"href":"https:\/\/www.targetsalesgroup.com\/cs\/wp-json\/wp\/v2\/pages\/154\/revisions"}],"predecessor-version":[{"id":158,"href":"https:\/\/www.targetsalesgroup.com\/cs\/wp-json\/wp\/v2\/pages\/154\/revisions\/158"}],"wp:attachment":[{"href":"https:\/\/www.targetsalesgroup.com\/cs\/wp-json\/wp\/v2\/media?parent=154"}],"curies":[{"name":"wp","href":"https:\/\/api.w.org\/{rel}","templated":true}]}}